{"id":30924,"date":"2024-12-05T16:08:09","date_gmt":"2024-12-05T14:08:09","guid":{"rendered":"https:\/\/dicofarm.cloud\/it\/?page_id=30924"},"modified":"2024-12-05T16:56:17","modified_gmt":"2024-12-05T14:56:17","slug":"informativa-privacy-whistleblowing","status":"publish","type":"page","link":"https:\/\/dicofarm.com\/it\/informativa-privacy-whistleblowing\/","title":{"rendered":"Informativa privacy Whistleblowing"},"content":{"rendered":"\t\t<div data-elementor-type=\"wp-page\" data-elementor-id=\"30924\" class=\"elementor elementor-30924\">\n\t\t\t\t<div class=\"wd-negative-gap elementor-element elementor-element-f251d1f e-flex e-con-boxed e-con e-parent\" data-id=\"f251d1f\" data-element_type=\"container\">\n\t\t\t\t\t<div class=\"e-con-inner\">\n\t\t\t\t<div class=\"elementor-element elementor-element-fa900cf color-scheme-inherit text-left elementor-widget elementor-widget-text-editor\" data-id=\"fa900cf\" data-element_type=\"widget\" data-widget_type=\"text-editor.default\">\n\t\t\t\t<div class=\"elementor-widget-container\">\n\t\t\t\t\t\t\t<h1><strong><span style=\"color: #006664;\">INFORMATIVA PER IL TRATTAMENTO DEI DATI PERSONALI NELL\u2019AMBITO DELLE SEGNALAZIONI DI WHISTLEBLOWING<\/span><\/strong><\/h1><p>Dicofarm S.p.A., in qualit\u00e0 di Titolare del trattamento, in adempimento agli obblighi previsti dall\u2019art.13 del Regolamento EU 679\/2016 (\u201cGDPR\u201d), fornisce informazioni in merito al trattamento dei dati personali da Lei conferiti nell\u2019ambito della gestione delle segnalazioni di presunti illeciti (c.d. whistleblowing) ai sensi del D. Lgs. 24\/2023, da parte di dipendenti, di dipendenti delle societ\u00e0 del gruppo e di soggetti terzi (collaboratori\/fornitori) nell\u2019ambito del rapporto di lavoro, pervenute attraverso la piattaforma informatica dedicata e accessibile via web all\u2019indirizzo <a href=\"https:\/\/www.dicofarm.com\/it\/whistleblowing\/\">https:\/\/www.dicofarm.com\/it\/whistleblowing\/<\/a>.<\/p><p>Il Titolare del trattamento dei Suoi dati \u00e8 Dicofarm S.p.A. ed il contitolare del trattamento dati \u00e8 AG Pharma S.r.l. entrambe con sede in Roma, Via del Casale della Marcigliana.<br \/><br \/><\/p><h1><strong><span style=\"color: #006664;\">DATI TRATTATI<\/span><\/strong><\/h1><p>La segnalazione potr\u00e0 avvenire sia in forma anonima che nominativa.<\/p><p>In caso di segnalazione in forma anonima, non essendo possibile risalire all\u2019identit\u00e0 del segnalante, non avverr\u00e0 alcun trattamento dei dati personali dello stesso. La segnalazione contenente dati personali riferibili ad altre categorie di soggetti interessati, la sua ricezione e gestione costituisce trattamento di dati personali. Il segnalante \u00e8 invitato a non conferire dati personali appartenenti alle categorie c.d. \u201cparticolari\u201d ex art. 9, par. 1 del GDPR ove ci\u00f2 non risulti strettamente necessario.<\/p><p>In caso di segnalazione in forma nominativa, i dati personali raccolti e trattati dal Titolare nell\u2019ambito della gestione delle segnalazioni pervenute attraverso la predetta piattaforma, per il principio di minimizzazione dei dati, saranno visibili solo qualora si rendesse necessario ai fini dell\u2019istruttoria.<\/p><p>I suddetti dati possono appartenere alle seguenti categorie:<\/p><ul><li>Dati personali comuni (ad es. le generalit\u00e0 di chi effettua la segnalazione);<\/li><li>Dati personali correlati alla segnalazione ovvero la chiara e completa descrizione dei fatti oggetto di segnalazione e delle modalit\u00e0 con le quali se ne \u00e8 avuta conoscenza (la data e il luogo ove si \u00e8 verificato il fatto; l\u2019indicazione dei nomi e ruoli di eventuali altri soggetti che possono riferire sui fatti oggetto di segnalazione; informazioni relative ad eventuali documenti che possono confermare la fondatezza dei fatti riportati);<\/li><li>Dati personali appartenenti alle categorie cc.dd. \u201cparticolari\u201d ex art. 9, par. 1 del GDPR riferibili ai soggetti interessati eventualmente forniti dal segnalante;<\/li><li>Dati personali di soggetti terzi nella disponibilit\u00e0 del Titolare anche a seguito delle attivit\u00e0 volte alla verifica della fondatezza della segnalazione stessa, nel rispetto delle leggi applicabili.<br \/><br \/><\/li><\/ul><h1><strong><span style=\"color: #006664;\">FINALIT\u00c0 DEL TRATTAMENTO<\/span><\/strong><\/h1><p>Il trattamento \u00e8 finalizzato alla corretta e completa gestione delle attivit\u00e0 istruttorie volte a valutare la fondatezza delle segnalazioni trasmesse attraverso il canale sopra indicato ed eventualmente a dar seguito all\u2019adozione di conseguenti provvedimenti.<br \/><br \/><\/p><h1><strong><span style=\"color: #006664;\">BASE GIURIDICA DEL TRATTAMENTO<\/span><\/strong><\/h1><p>La base giuridica per il trattamento dei dati di cui sopra \u00e8 da individuare:<\/p><ul><li>Per i dati personali comuni, nell\u2019esecuzione del contratto di cui l\u2019interessato \u00e8 parte e per adempiere a un obbligo di legge cui \u00e8 soggetto il Titolare, ai sensi dell\u2019art. 6, par. 1, lett. b) e c) del GDPR, tenuto conto dell\u2019art. 6, commi 2-bis, 2-ter e 2-quater del D. Lgs. 231\/2001;<\/li><li>Per i dati personali appartenenti alle categorie cc.dd. \u201cparticolari\u201d, nell\u2019applicazione dell\u2019art. 9, par. 2, lett. b) del GDPR per assolvere obblighi ed esercitare i diritti specifici in materia di diritto del lavoro e della sicurezza sociale e protezione sociale; lett. f) per accertare, esercitare o difendere un diritto in sede giudiziaria.<br \/><br \/><\/li><\/ul><h1><strong><span style=\"color: #006664;\">NATURA OBBLIGATORIA\/FACOLTATIVA DEL CONFERIMENTO DEI DATI TRATTATI<\/span><\/strong><\/h1><p>Il conferimento dei dati personali per la finalit\u00e0 indicata \u00e8 facoltativo per il segnalante, essendo prevista la possibilit\u00e0 di effettuare la segnalazione in via anonima, e, in caso di mancato conferimento, potrebbe non risultare possibile prendere in carico e gestire la segnalazione sulla base di quanto previsto dalla procedura aziendale.<br \/>Nei confronti del segnalante, \u00e8 garantito che non verr\u00e0 effettuata alcuna forma di ritorsione o misura discriminatoria, diretta o indiretta, avente effetti sulle condizioni di lavoro per motivi collegati direttamente o indirettamente alla segnalazione.<br \/><br \/><\/p><h1><strong><span style=\"color: #006664;\">MODALIT\u00c0 DEL TRATTAMENTO<\/span><\/strong><\/h1><p>I Suoi dati personali saranno trattati in forma elettronica nel software della societ\u00e0 TeamSystem S.p.A., nel rispetto della normativa applicabile, compresi i profili di sicurezza, confidenzialit\u00e0 ed ispirandosi ai principi di correttezza e liceit\u00e0 di trattamento.<br \/><br \/><\/p><h1><strong><span style=\"color: #006664;\">AMBITO DI CONOSCIBILIT\u00c0 E COMUNICAZIONE DEI DATI<\/span><\/strong><\/h1><p>I dati personali contenuti nelle segnalazioni pervenute al Titolare non saranno diffusi. I Suoi dati potranno essere condivisi, con i seguenti soggetti:<\/p><ul><li>Il personale autorizzato al trattamento dei dati personali e debitamente istruito ai sensi degli art. 29 del Regolamento e delle procedure operative che compongono il Modello di Organizzazione, Gestione e Controllo (nello specifico l\u2019Organismo di Vigilanza del Titolare quale soggetto autorizzato al trattamento riguardo alla ricezione e all\u2019esame delle segnalazioni);<\/li><li>Il fornitore della piattaforma informatica per la gestione delle segnalazioni, il quale agisce in qualit\u00e0 di responsabile del trattamento ai sensi dell\u2019art. 28 del GDPR;<\/li><li>Gli enti e autorit\u00e0 in qualit\u00e0 di autonomi titolari a cui sia obbligatorio comunicare i dati personali in forza di disposizioni di legge o di ordini delle autorit\u00e0, in particolar modo in relazione alle attivit\u00e0 istruttorie relative a fatti segnalati sui quali sia nota l\u2019esistenza di indagini in corso da parte di pubbliche Autorit\u00e0.<\/li><\/ul><p>Sar\u00e0 in ogni caso garantita la massima riservatezza della Sua identit\u00e0 in conformit\u00e0 alle procedure aziendali. In particolare, nel caso di trasmissione della segnalazione ad altre strutture\/organi\/terzi per lo svolgimento delle attivit\u00e0 istruttorie, verr\u00e0 privilegiato ove possibile l\u2019inoltro del solo contenuto della segnalazione, espungendo tutti i riferimenti dai quali sia possibile risalire, anche indirettamente, all\u2019identit\u00e0 del segnalante.<br \/><br \/><\/p><h1><strong><span style=\"color: #006664;\">PERIODO DI CONSERVAZIONE DEI DATI<\/span><\/strong><\/h1><p>I dati personali saranno conservati solo per il tempo strettamente necessario ai fini di gestione dell\u2019istruttoria, di verifica della fondatezza della segnalazione e di adozione di relativi provvedimenti, rispettando il principio di minimizzazione di cui all\u2019art. 5, par.1, lett. c) del GDPR.<br \/>Il Titolare si riserva, tuttavia, di conservare i predetti dati personali anche per tutto il tempo necessario per l\u2019adempimento di obblighi normativi e per soddisfare eventuali esigenze difensive.<br \/><br \/><\/p><h1><strong><span style=\"color: #006664;\">TRASFERIMENTO DEI DATI<\/span><\/strong><\/h1><p>La gestione e la conservazione dei dati personali avverranno su server, ubicati all\u2019interno dell\u2019Unione Europea, del Titolare e\/o di societ\u00e0 terze incaricate e debitamente nominate quali Responsabili del trattamento.<br \/>I dati non sono attualmente oggetto di trasferimento al di fuori dell\u2019Unione Europea.<br \/>Resta in ogni caso inteso che il Titolare, ove si rendesse necessario, avr\u00e0 facolt\u00e0 di spostare l\u2019ubicazione dei server, in Italia, all\u2019interno dell\u2019Unione Europea e\/o in Paesi extra-UE.<br \/>In tal caso, il Titolare assicura sin d\u2019ora che il trasferimento dei dati extra-UE avverr\u00e0 in conformit\u00e0 agli artt. 44 ss. del GDPR ed alle disposizioni di legge applicabili stipulando, se necessario, accordi che garantiscano un livello di protezione adeguato.<br \/><br \/><\/p><h1><strong><span style=\"color: #006664;\">DIRITTI DELL\u2019INTERESSATO<\/span><\/strong><\/h1><p>La informiamo che con riferimento ai dati trattati lei pu\u00f2 esercitare in qualsiasi momento i diritti di cui agli Articoli 15, 16, 17, 18, 20, 21 e 22 del Regolamento; in particolare, lei ha il diritto di ottenere la conferma dell\u2019esistenza o meno dei dati ed in tal caso l\u2019accesso agli stessi e di verificarne l\u2019esattezza.<br \/>Ha il diritto, inoltre, di richiedere la rettifica dei dati, la cancellazione, la limitazione del trattamento, la portabilit\u00e0 dei Suoi dati, nonch\u00e9 di opporsi al trattamento in tutto o in parte per motivi legittimi, di revocare il proprio consenso, qualora previsto, e di proporre un reclamo ad un\u2019Autorit\u00e0 di Controllo o di adire le opportune sedi giudiziarie.<\/p><p>Tenga presente che qualora chiedesse di cancellare i suoi Dati Personali, prima della conclusione dell\u2019istruttoria, potremmo non essere in grado di rispondere alla sua segnalazione o di concludere l\u2019indagine.<\/p>\t\t\t\t\t\t<\/div>\n\t\t\t\t<\/div>\n\t\t\t\t\t<\/div>\n\t\t\t\t<\/div>\n\t\t\t\t<\/div>\n\t\t","protected":false},"excerpt":{"rendered":"<p>INFORMATIVA PER IL TRATTAMENTO DEI DATI PERSONALI NELL\u2019AMBITO DELLE SEGNALAZIONI DI WHISTLEBLOWING Dicofarm S.p.A., in qualit\u00e0 di Titolare del trattamento,<\/p>\n","protected":false},"author":1,"featured_media":0,"parent":0,"menu_order":0,"comment_status":"closed","ping_status":"closed","template":"","meta":{"footnotes":""},"class_list":["post-30924","page","type-page","status-publish","hentry"],"yoast_head":"<!-- This site is optimized with the Yoast SEO plugin v23.9 - https:\/\/yoast.com\/wordpress\/plugins\/seo\/ -->\n<title>Informativa privacy Whistleblowing - Dicofarm<\/title>\n<meta name=\"robots\" content=\"index, follow, max-snippet:-1, max-image-preview:large, max-video-preview:-1\" \/>\n<link rel=\"canonical\" href=\"https:\/\/dicofarm.com\/it\/informativa-privacy-whistleblowing\/\" \/>\n<meta property=\"og:locale\" content=\"it_IT\" \/>\n<meta property=\"og:type\" content=\"article\" \/>\n<meta property=\"og:title\" content=\"Informativa privacy Whistleblowing - Dicofarm\" \/>\n<meta property=\"og:description\" content=\"INFORMATIVA PER IL TRATTAMENTO DEI DATI PERSONALI NELL\u2019AMBITO DELLE SEGNALAZIONI DI WHISTLEBLOWING Dicofarm S.p.A., in qualit\u00e0 di Titolare del trattamento,\" \/>\n<meta property=\"og:url\" content=\"https:\/\/dicofarm.com\/it\/informativa-privacy-whistleblowing\/\" \/>\n<meta property=\"og:site_name\" content=\"Dicofarm\" \/>\n<meta property=\"article:modified_time\" content=\"2024-12-05T14:56:17+00:00\" \/>\n<meta name=\"twitter:card\" content=\"summary_large_image\" \/>\n<meta name=\"twitter:label1\" content=\"Tempo di lettura stimato\" \/>\n\t<meta name=\"twitter:data1\" content=\"7 minuti\" \/>\n<script type=\"application\/ld+json\" class=\"yoast-schema-graph\">{\"@context\":\"https:\/\/schema.org\",\"@graph\":[{\"@type\":\"WebPage\",\"@id\":\"https:\/\/dicofarm.com\/it\/informativa-privacy-whistleblowing\/\",\"url\":\"https:\/\/dicofarm.com\/it\/informativa-privacy-whistleblowing\/\",\"name\":\"Informativa privacy Whistleblowing - Dicofarm\",\"isPartOf\":{\"@id\":\"https:\/\/dicofarm.com\/it\/#website\"},\"datePublished\":\"2024-12-05T14:08:09+00:00\",\"dateModified\":\"2024-12-05T14:56:17+00:00\",\"breadcrumb\":{\"@id\":\"https:\/\/dicofarm.com\/it\/informativa-privacy-whistleblowing\/#breadcrumb\"},\"inLanguage\":\"it-IT\",\"potentialAction\":[{\"@type\":\"ReadAction\",\"target\":[\"https:\/\/dicofarm.com\/it\/informativa-privacy-whistleblowing\/\"]}]},{\"@type\":\"BreadcrumbList\",\"@id\":\"https:\/\/dicofarm.com\/it\/informativa-privacy-whistleblowing\/#breadcrumb\",\"itemListElement\":[{\"@type\":\"ListItem\",\"position\":1,\"name\":\"Home\",\"item\":\"https:\/\/dicofarm.com\/it\/\"},{\"@type\":\"ListItem\",\"position\":2,\"name\":\"Informativa privacy Whistleblowing\"}]},{\"@type\":\"WebSite\",\"@id\":\"https:\/\/dicofarm.com\/it\/#website\",\"url\":\"https:\/\/dicofarm.com\/it\/\",\"name\":\"Dicofarm - Il meglio della ricerca, il buono della natura\",\"description\":\"Salute del bambino - Il meglio della ricerca, il buono della natura\",\"potentialAction\":[{\"@type\":\"SearchAction\",\"target\":{\"@type\":\"EntryPoint\",\"urlTemplate\":\"https:\/\/dicofarm.com\/it\/?s={search_term_string}\"},\"query-input\":{\"@type\":\"PropertyValueSpecification\",\"valueRequired\":true,\"valueName\":\"search_term_string\"}}],\"inLanguage\":\"it-IT\"}]}<\/script>\n<!-- \/ Yoast SEO plugin. -->","yoast_head_json":{"title":"Informativa privacy Whistleblowing - Dicofarm","robots":{"index":"index","follow":"follow","max-snippet":"max-snippet:-1","max-image-preview":"max-image-preview:large","max-video-preview":"max-video-preview:-1"},"canonical":"https:\/\/dicofarm.com\/it\/informativa-privacy-whistleblowing\/","og_locale":"it_IT","og_type":"article","og_title":"Informativa privacy Whistleblowing - Dicofarm","og_description":"INFORMATIVA PER IL TRATTAMENTO DEI DATI PERSONALI NELL\u2019AMBITO DELLE SEGNALAZIONI DI WHISTLEBLOWING Dicofarm S.p.A., in qualit\u00e0 di Titolare del trattamento,","og_url":"https:\/\/dicofarm.com\/it\/informativa-privacy-whistleblowing\/","og_site_name":"Dicofarm","article_modified_time":"2024-12-05T14:56:17+00:00","twitter_card":"summary_large_image","twitter_misc":{"Tempo di lettura stimato":"7 minuti"},"schema":{"@context":"https:\/\/schema.org","@graph":[{"@type":"WebPage","@id":"https:\/\/dicofarm.com\/it\/informativa-privacy-whistleblowing\/","url":"https:\/\/dicofarm.com\/it\/informativa-privacy-whistleblowing\/","name":"Informativa privacy Whistleblowing - Dicofarm","isPartOf":{"@id":"https:\/\/dicofarm.com\/it\/#website"},"datePublished":"2024-12-05T14:08:09+00:00","dateModified":"2024-12-05T14:56:17+00:00","breadcrumb":{"@id":"https:\/\/dicofarm.com\/it\/informativa-privacy-whistleblowing\/#breadcrumb"},"inLanguage":"it-IT","potentialAction":[{"@type":"ReadAction","target":["https:\/\/dicofarm.com\/it\/informativa-privacy-whistleblowing\/"]}]},{"@type":"BreadcrumbList","@id":"https:\/\/dicofarm.com\/it\/informativa-privacy-whistleblowing\/#breadcrumb","itemListElement":[{"@type":"ListItem","position":1,"name":"Home","item":"https:\/\/dicofarm.com\/it\/"},{"@type":"ListItem","position":2,"name":"Informativa privacy Whistleblowing"}]},{"@type":"WebSite","@id":"https:\/\/dicofarm.com\/it\/#website","url":"https:\/\/dicofarm.com\/it\/","name":"Dicofarm - Il meglio della ricerca, il buono della natura","description":"Salute del bambino - Il meglio della ricerca, il buono della natura","potentialAction":[{"@type":"SearchAction","target":{"@type":"EntryPoint","urlTemplate":"https:\/\/dicofarm.com\/it\/?s={search_term_string}"},"query-input":{"@type":"PropertyValueSpecification","valueRequired":true,"valueName":"search_term_string"}}],"inLanguage":"it-IT"}]}},"jetpack_sharing_enabled":true,"_links":{"self":[{"href":"https:\/\/dicofarm.com\/it\/wp-json\/wp\/v2\/pages\/30924","targetHints":{"allow":["GET"]}}],"collection":[{"href":"https:\/\/dicofarm.com\/it\/wp-json\/wp\/v2\/pages"}],"about":[{"href":"https:\/\/dicofarm.com\/it\/wp-json\/wp\/v2\/types\/page"}],"author":[{"embeddable":true,"href":"https:\/\/dicofarm.com\/it\/wp-json\/wp\/v2\/users\/1"}],"replies":[{"embeddable":true,"href":"https:\/\/dicofarm.com\/it\/wp-json\/wp\/v2\/comments?post=30924"}],"version-history":[{"count":10,"href":"https:\/\/dicofarm.com\/it\/wp-json\/wp\/v2\/pages\/30924\/revisions"}],"predecessor-version":[{"id":30938,"href":"https:\/\/dicofarm.com\/it\/wp-json\/wp\/v2\/pages\/30924\/revisions\/30938"}],"wp:attachment":[{"href":"https:\/\/dicofarm.com\/it\/wp-json\/wp\/v2\/media?parent=30924"}],"curies":[{"name":"wp","href":"https:\/\/api.w.org\/{rel}","templated":true}]}}