{"id":30583,"date":"2024-10-14T17:22:54","date_gmt":"2024-10-14T15:22:54","guid":{"rendered":"https:\/\/dicofarm.cloud\/it\/?page_id=30583"},"modified":"2024-10-14T17:27:38","modified_gmt":"2024-10-14T15:27:38","slug":"cookie-policy","status":"publish","type":"page","link":"https:\/\/dicofarm.com\/it\/cookie-policy\/","title":{"rendered":"Cookie Policy"},"content":{"rendered":"\t\t<div data-elementor-type=\"wp-page\" data-elementor-id=\"30583\" class=\"elementor elementor-30583\">\n\t\t\t\t<div class=\"wd-negative-gap elementor-element elementor-element-4f296bc e-flex e-con-boxed e-con e-parent\" data-id=\"4f296bc\" data-element_type=\"container\">\n\t\t\t\t\t<div class=\"e-con-inner\">\n\t\t\t\t<div class=\"elementor-element elementor-element-1e8be62 color-scheme-inherit text-left elementor-widget elementor-widget-text-editor\" data-id=\"1e8be62\" data-element_type=\"widget\" data-widget_type=\"text-editor.default\">\n\t\t\t\t<div class=\"elementor-widget-container\">\n\t\t\t\t\t\t\t<h1 class=\"content-center\" style=\"text-align: left;\"><span style=\"color: #006664;\">POLITICA SUI COOKIE\u00a0<\/span><\/h1><p>La presente Politica sui cookie del sito Dicofarm.com\u00a0illustra i diversi tipi di cookie che potrebbero essere impiegati nel corso della vostra visita al sito o durante l&#8217;utilizzo di un&#8217;applicazione o di altri servizi online che presentino un link alla presente Politica. <strong>Utilizzando o accedendo al Sito, l&#8217;utente acconsente all&#8217;uso da parte nostra di cookie e altre tecnologie traccianti come illustrato qui sotto<\/strong>.<br \/><br \/><\/p><h2 id=\"what-is-a-cookie\"><span style=\"color: #006664;\">I. COSA SONO I COOKIE?<\/span><\/h2><p>I &#8220;cookie&#8221; sono dei piccoli file di testo\u00a0che vengono salvati sul computer o dispositivo mobile dell&#8217;utente che visita i siti. Essi costituiscono ormai una funzionalit\u00e0 standard di molti dei principali browser e servono a far funzionare i siti in modo pi\u00f9 efficiente e a fornire ai proprietari di quei siti informazioni sull&#8217;esperienza di navigazione degli utenti. Grazie all&#8217;utilizzo dei cookie, quando un utente ritorna su uno di quei siti, il browser gli trasmette i cookie precedentemente salvati, consentendogli di riconoscerlo e di ricordarsi importanti azioni ed informazioni utili al fine di migliorare l&#8217;esperienza di navigazione per l&#8217;utente. Ad esempio, i cookie\u00a0ricordano\u00a0le preferenze dell&#8217;utente salvate in precedenza sul sito come l&#8217;impostazione di visualizzazione o la modifica sulle impostazioni della lingua etc.).<\/p><p>Sebbene i cookie svolgano diverse preziose funzioni, alcuni utenti preferiscono disabilitarli o limitarne l&#8217;uso da parte dei siti visitati. Molti browser consentono, tramite le proprie impostazioni, di gestire i cookie nel modo desiderato. Per esempio, alcuni browser permettono di impostare regole per la gestione dei cookie sito per sito, consentendo all&#8217;utente di disabilitare i cookie per i siti dei quali non si fida. Ulteriori informazioni sui cookie e dettagli su come gestirli o disabilitarli possono essere trovati su <a href=\"http:\/\/www.allaboutcookies.org\/manage-cookies\/index.html\"><strong>http:\/\/www.allaboutcookies.org<\/strong><\/a> e\/o <a href=\"http:\/\/www.aboutcookies.org\/\"><strong>http:\/\/www.aboutcookies.org<\/strong><\/a>.<\/p><p><em>ATTENZIONE<\/em>: se si disabilitano\u00a0i cookie per il Sito di Dicofarm, l&#8217;esperienza di navigazione potrebbe risentirne e alcune funzionalit\u00e0 potrebbero non funzionare come desiderato.<br \/><br \/><\/p><h2 id=\"what-cookies-does-the-site-use\"><span style=\"color: #006664;\">II. QUALI COOKIE USA IL SITO?<\/span><\/h2><p>Come molti famosi siti moderni, anche questo sito\u00a0si serve di diversi tipi di cookie per funzionare correttamente. A seconda della natura delle interazioni con noi, Dicofarm.com\u00a0e i suoi fornitori di servizi potrebbero salvare sul browser dell&#8217;utente alcuni o tutti i tipi di cookie elencati sotto. Informazioni ulteriori sulle opzioni disponibili in merito all&#8217;uso dei cookie e di altre tecnologie traccianti da parte del Sito si possono trovare nella sezione &#8220;<strong>Come posso gestire i cookie?&#8221; <\/strong>qui<strong>\u00a0<\/strong>sotto.<\/p><ol><li><strong>Cookie Tecnici<\/strong>: i cookie tecnici\u00a0sono essenziali per il funzionamento del Sito cos\u00ec come progettato. Essi permettono ai nostri visitatori di compiere azioni come navigare nel Sito, utilizzare i suoi servizi necessari\u00a0e accedere alle funzionalit\u00e0 principali. Senza i cookie essenziali, l&#8217;esperienza del Sito non sarebbe fluida e piacevole ed il sito potrebbe\u00a0non essere in grado di fornire alcune pagine o alcuni contenuti, servizi e funzionalit\u00e0 correlati richiesti dall&#8217;utente.<br \/><strong>Cookie di elaborazione<\/strong> e <strong>cookie di sicurezza<\/strong> sono due esempi di cookie essenziali che potrebbero essere utilizzati dal Sito. I primi consentono al Sito di funzionare supportando e\/o fornendo alcuni servizi che i nostri visitatori si aspettano, come per esempio la possibilit\u00e0 di navigare tra le pagine del Sito o di accedere a parti di esso riservate. I secondi compiono le verifiche e i controlli necessari per proteggere il Sito e i suoi visitatori aiutandoci, tra le altre cose, ad autenticare gli utenti, a prevenire l&#8217;uso fraudolento delle credenziali di accesso e a proteggere la riservatezza dei dati degli utenti.<\/li><li><strong>Cookie di personalizzazione<\/strong>: questo tipo di cookie serve a ricordarci alcune informazioni sulle \u00a0scelte e preferenze e sul comportamento di navigazione dell&#8217;utente, consentendoci di migliorare la sua esperienza sul Sito. I cookie di personalizzazione ci consentono di personalizzare meglio le\u00a0visite al Sito per gli utenti, per esempio ricordandoci il paese, la lingua e le impostazioni video. Molte funzionalit\u00e0 del Sito dovrebbero rimanere operative anche senza l&#8217;abilitazione dei cookie di personalizzazione, tuttavia l&#8217;esperienza degli utenti potrebbe risentirne in termine di comodit\u00e0 e gli utenti potrebbero essere costretti a reimpostare tutta una serie di preferenze a ogni visita.<br \/>I nostri cookie di personalizzazione possono salvare informazioni quali la lingua e il paese di provenienza in modo da consentirci di mostrare opzioni e contenuti appropriati per l&#8217;utente ad ogni prossima visita. Per esempio, ricordandosi della lingua e del paese di provenienza di un utente, il Sito pu\u00f2 presentargli articoli locali o date e scadenze relative agli eventi nella sua zona e farlo nella lingua prescelta dall&#8217;utente. I cookie di personalizzazione possono servire anche a farci ricordare le impostazioni video e audio preferite dall&#8217;utente (per esempio, dimensione di testo e caratteri, risoluzione dello schermo, ecc.), i siti da cui proviene, la sequenza delle pagine visualizzate a ogni visita e altri simili dettagli relativi al suo comportamento di navigazione e\/o alle sue preferenze in merito all&#8217;aspetto o al funzionamento del Sito. Tutto questo ci aiuta, tra le altre cose, a monitorare e migliorare il Sito, a personalizzare l&#8217;esperienza di navigazione e a incentivare ulteriori visite da parte dell&#8217;utente.<\/li><li><strong>Cookie analitici e di prestazione<\/strong>: questi cookie raccolgono informazioni sull&#8217;utilizzo e sulle interazioni con il Sito, permettendoci di monitorarne e migliorarne il funzionamento. Per esempio, ci aiutano a capire quali sono le pagine del Sito visitate pi\u00f9 di frequente, a scoprire quali difficolt\u00e0 possono incontrare gli utenti durante la navigazione, a determinare se le nostre pubblicit\u00e0 sono efficaci o meno e a migliorare i contenuti del Sito per i nostri partner pubblicitari. In altre parole, ci consentono di individuare modelli di utilizzo del Sito, di analizzare il traffico interno e di capire come gli utenti interagiscono col Sito.<br \/>Attenzione: di tanto in tanto potremmo coinvolgere anche alcuni nostri partner al fine di comprendere meglio le interazioni degli utenti col Sito, consentendo loro di collocare cookie analitici e di prestazione per conto nostro. Per esempio, il Sito potrebbe servirsi dello strumento <em>Google Analytics<\/em> per raccogliere informazioni quali il numero di visitatori del Sito, il numero di pagine viste e la provenienza di tali visitatori. Similmente, potremmo servirci di Adobe Analytics per raccogliere informazioni che, tra le altre cose, possono aiutarci a monitorare i modelli d&#8217;utilizzo del Sito e a valutare l&#8217;efficacia delle nostre campagne di marketing.<\/li><li><strong>Flash cookie<\/strong>: i &#8220;flash cookie&#8221;, noti anche come Local Shared Objects o &#8220;LSO&#8221;, servono a personalizzare le visite dell&#8217;utente salvando le sue preferenze e mostrando o meno determinati contenuti in base a ci\u00f2 che viene visto sul nostro Sito. I flash cookie differiscono dai normali cookie dei browser per le dimensioni e il tipo di dati e per il modo in cui vengono salvati tali dati. Gli strumenti di gestione dei cookie del browser non sono in grado di rimuovere i flash cookie. Per sapere come gestire le impostazioni di riservatezza e salvataggio dei flash cookie, \u00e8 possibile consultare le istruzioni fornite da Adobe:\u00a0<a href=\"http:\/\/www.macromedia.com\/support\/documentation\/en\/flashplayer\/help\/settings_manager.html\"><strong>http:\/\/www.macromedia.com\/support\/documentation\/en\/flashplayer\/help\/settings_manager.html<\/strong><\/a>.<br \/><br \/><\/li><\/ol><h2 id=\"who-places-cookies-on-my-device\"><span style=\"color: #006664;\">III. CHI SALVA I COOKIE SUL MIO SISTEMA?<\/span><\/h2><p>I cookie possono essere salvati sul suo sistema da Dicofarm\u00a0in quanto gestore del Sito o da altre parti, diverse da\u00a0Dicofarm, chiamate\u00a0cookie di terze parti: alcuni cookie presenti sul nostro Sito non sono dunque collegati a Dicofarm. Quando si vita una pagina con contenuti provenienti da, per esempio, DoubleClick di Google, Youtube.com o Facebook.com, questi fornitori di servizi potrebbero salvare dei cookie sul tuo sistema. In questo modo, essi sanno che un utente ha visitato un determinato sito e condividono queste informazioni con altre entit\u00e0, come per esempio operatori pubblicitari e inserzionisti. Spesso le funzionalit\u00e0 fornite da parti terze sono collegate a cookie di tracciamento o pubblicitari.<\/p><p>Noi non controlliamo l&#8217;utilizzo di questi cookie n\u00e9 possiamo accedervi: per via del meccanismo di funzionamento dei cookie, solo quelle parti terze vi hanno accesso. Per saperne di pi\u00f9 su questi cookie, dovresti consultare i loro siti.<\/p><p>Se desideri escludere il salvataggio dei cookie di tracciamento e pubblicitari, visita <a href=\"http:\/\/www.youronlinechoices.com\/\"><strong>http:\/\/www.youronlinechoices.com<\/strong><\/a>.<br \/><br \/><\/p><h2 id=\"how-do-i-manage-cookies\"><span style=\"color: #006664;\">IV. COME POSSO GESTIRE I COOKIE?<\/span><\/h2><p>\u00c8 possibile accettare o rifiutare i cookie del Sito in qualsiasi momento tramite le impostazioni del browser. Le informazioni sulla procedura da seguire per abilitare o disabilitare i cookie si trovano o sui siti dei produttori dei vari browser (ai quali \u00e8 possibile accedere utilizzando la guida del browser) oppure, per i browser pi\u00f9 comuni, su <a href=\"http:\/\/www.allaboutcookies.org\/manage-cookies\/index.html\"><strong>http:\/\/www.allaboutcookies.org<\/strong><\/a>.<\/p><p>Attenzione: disabilitando i cookie, alcune funzionalit\u00e0 del Sito potrebbero non funzionare come desiderato.<\/p><p>Se si desidera rimuovere tutti i cookie lasciati dai siti visitati, seguire i link sotto per scaricare alcuni programmi specificamente progettati per rimuovere i cookie di tracciamento:<\/p><p><a href=\"http:\/\/www.lavasoftusa.com\/products\/ad-aware_se_personal.php\"><strong>http:\/\/www.lavasoftusa.com\/products\/ad-aware_se_personal.php<\/strong><\/a>,<br \/>e <a href=\"http:\/\/www.spybot.info\/en\/download\/index.html\"><strong>http:\/\/www.spybot.info\/en\/download\/index.html<\/strong><\/a><br \/><br \/><\/p><h2 id=\"policy-update\"><span style=\"color: #006664;\">V. AGGIORNAMENTI<\/span><\/h2><p>Di tanto in tanto potremmo aggiornare la presente Politica per adeguarla alle novit\u00e0 in campo tecnologico o normativo o a modifiche operative interne o semplicemente perch\u00e9 lo si ritiene appropriato o necessario. Tali modifiche entreranno in vigore dal momento in cui renderemo la Politica aggiornata consultabile sul Sito. Consigliamo di verificare frequentemente la data dell&#8217;ultimo aggiornamento in basso\u00a0alla Politica per sapere quando \u00e8 stato effettuato l&#8217;ultimo aggiornamento e per essere maggiormente consapevole delle conseguenze delle interazioni dell&#8217;utente con il Sito.<br \/><br \/><\/p><h2 id=\"contact-us\"><span style=\"color: #006664;\">VI. CONTATTACI<\/span><\/h2><p>In caso di ulteriori domande, \u00e8 possibile contattarci\u00a0per email scrivendo a helpdesk@dicofarm.it o utilizzando il form contatti.<br \/><br \/><\/p><p style=\"text-align: right;\"><em>Ultimo aggiornamento:<\/em> 14\/10\/2024<\/p>\t\t\t\t\t\t<\/div>\n\t\t\t\t<\/div>\n\t\t\t\t\t<\/div>\n\t\t\t\t<\/div>\n\t\t\t\t<\/div>\n\t\t","protected":false},"excerpt":{"rendered":"<p>POLITICA SUI COOKIE\u00a0 La presente Politica sui cookie del sito Dicofarm.com\u00a0illustra i diversi tipi di cookie che potrebbero essere impiegati<\/p>\n","protected":false},"author":1,"featured_media":0,"parent":0,"menu_order":0,"comment_status":"closed","ping_status":"closed","template":"","meta":{"footnotes":""},"class_list":["post-30583","page","type-page","status-publish","hentry"],"yoast_head":"<!-- This site is optimized with the Yoast SEO plugin v23.9 - https:\/\/yoast.com\/wordpress\/plugins\/seo\/ -->\n<title>Cookie Policy - Dicofarm<\/title>\n<meta name=\"description\" content=\"Cookie Policy\" \/>\n<meta name=\"robots\" content=\"index, follow, max-snippet:-1, max-image-preview:large, max-video-preview:-1\" \/>\n<link rel=\"canonical\" href=\"https:\/\/dicofarm.com\/it\/cookie-policy\/\" \/>\n<meta property=\"og:locale\" content=\"it_IT\" \/>\n<meta property=\"og:type\" content=\"article\" \/>\n<meta property=\"og:title\" content=\"Cookie Policy - Dicofarm\" \/>\n<meta property=\"og:description\" content=\"Cookie Policy\" \/>\n<meta property=\"og:url\" content=\"https:\/\/dicofarm.com\/it\/cookie-policy\/\" \/>\n<meta property=\"og:site_name\" content=\"Dicofarm\" \/>\n<meta property=\"article:modified_time\" content=\"2024-10-14T15:27:38+00:00\" \/>\n<meta name=\"twitter:card\" content=\"summary_large_image\" \/>\n<meta name=\"twitter:label1\" content=\"Tempo di lettura stimato\" \/>\n\t<meta name=\"twitter:data1\" content=\"8 minuti\" \/>\n<script type=\"application\/ld+json\" class=\"yoast-schema-graph\">{\"@context\":\"https:\/\/schema.org\",\"@graph\":[{\"@type\":\"WebPage\",\"@id\":\"https:\/\/dicofarm.com\/it\/cookie-policy\/\",\"url\":\"https:\/\/dicofarm.com\/it\/cookie-policy\/\",\"name\":\"Cookie Policy - Dicofarm\",\"isPartOf\":{\"@id\":\"https:\/\/dicofarm.com\/it\/#website\"},\"datePublished\":\"2024-10-14T15:22:54+00:00\",\"dateModified\":\"2024-10-14T15:27:38+00:00\",\"description\":\"Cookie Policy\",\"breadcrumb\":{\"@id\":\"https:\/\/dicofarm.com\/it\/cookie-policy\/#breadcrumb\"},\"inLanguage\":\"it-IT\",\"potentialAction\":[{\"@type\":\"ReadAction\",\"target\":[\"https:\/\/dicofarm.com\/it\/cookie-policy\/\"]}]},{\"@type\":\"BreadcrumbList\",\"@id\":\"https:\/\/dicofarm.com\/it\/cookie-policy\/#breadcrumb\",\"itemListElement\":[{\"@type\":\"ListItem\",\"position\":1,\"name\":\"Home\",\"item\":\"https:\/\/dicofarm.com\/it\/\"},{\"@type\":\"ListItem\",\"position\":2,\"name\":\"Cookie Policy\"}]},{\"@type\":\"WebSite\",\"@id\":\"https:\/\/dicofarm.com\/it\/#website\",\"url\":\"https:\/\/dicofarm.com\/it\/\",\"name\":\"Dicofarm - Il meglio della ricerca, il buono della natura\",\"description\":\"Salute del bambino - Il meglio della ricerca, il buono della natura\",\"potentialAction\":[{\"@type\":\"SearchAction\",\"target\":{\"@type\":\"EntryPoint\",\"urlTemplate\":\"https:\/\/dicofarm.com\/it\/?s={search_term_string}\"},\"query-input\":{\"@type\":\"PropertyValueSpecification\",\"valueRequired\":true,\"valueName\":\"search_term_string\"}}],\"inLanguage\":\"it-IT\"}]}<\/script>\n<!-- \/ Yoast SEO plugin. -->","yoast_head_json":{"title":"Cookie Policy - Dicofarm","description":"Cookie Policy","robots":{"index":"index","follow":"follow","max-snippet":"max-snippet:-1","max-image-preview":"max-image-preview:large","max-video-preview":"max-video-preview:-1"},"canonical":"https:\/\/dicofarm.com\/it\/cookie-policy\/","og_locale":"it_IT","og_type":"article","og_title":"Cookie Policy - Dicofarm","og_description":"Cookie Policy","og_url":"https:\/\/dicofarm.com\/it\/cookie-policy\/","og_site_name":"Dicofarm","article_modified_time":"2024-10-14T15:27:38+00:00","twitter_card":"summary_large_image","twitter_misc":{"Tempo di lettura stimato":"8 minuti"},"schema":{"@context":"https:\/\/schema.org","@graph":[{"@type":"WebPage","@id":"https:\/\/dicofarm.com\/it\/cookie-policy\/","url":"https:\/\/dicofarm.com\/it\/cookie-policy\/","name":"Cookie Policy - Dicofarm","isPartOf":{"@id":"https:\/\/dicofarm.com\/it\/#website"},"datePublished":"2024-10-14T15:22:54+00:00","dateModified":"2024-10-14T15:27:38+00:00","description":"Cookie Policy","breadcrumb":{"@id":"https:\/\/dicofarm.com\/it\/cookie-policy\/#breadcrumb"},"inLanguage":"it-IT","potentialAction":[{"@type":"ReadAction","target":["https:\/\/dicofarm.com\/it\/cookie-policy\/"]}]},{"@type":"BreadcrumbList","@id":"https:\/\/dicofarm.com\/it\/cookie-policy\/#breadcrumb","itemListElement":[{"@type":"ListItem","position":1,"name":"Home","item":"https:\/\/dicofarm.com\/it\/"},{"@type":"ListItem","position":2,"name":"Cookie Policy"}]},{"@type":"WebSite","@id":"https:\/\/dicofarm.com\/it\/#website","url":"https:\/\/dicofarm.com\/it\/","name":"Dicofarm - Il meglio della ricerca, il buono della natura","description":"Salute del bambino - Il meglio della ricerca, il buono della natura","potentialAction":[{"@type":"SearchAction","target":{"@type":"EntryPoint","urlTemplate":"https:\/\/dicofarm.com\/it\/?s={search_term_string}"},"query-input":{"@type":"PropertyValueSpecification","valueRequired":true,"valueName":"search_term_string"}}],"inLanguage":"it-IT"}]}},"jetpack_sharing_enabled":true,"_links":{"self":[{"href":"https:\/\/dicofarm.com\/it\/wp-json\/wp\/v2\/pages\/30583","targetHints":{"allow":["GET"]}}],"collection":[{"href":"https:\/\/dicofarm.com\/it\/wp-json\/wp\/v2\/pages"}],"about":[{"href":"https:\/\/dicofarm.com\/it\/wp-json\/wp\/v2\/types\/page"}],"author":[{"embeddable":true,"href":"https:\/\/dicofarm.com\/it\/wp-json\/wp\/v2\/users\/1"}],"replies":[{"embeddable":true,"href":"https:\/\/dicofarm.com\/it\/wp-json\/wp\/v2\/comments?post=30583"}],"version-history":[{"count":5,"href":"https:\/\/dicofarm.com\/it\/wp-json\/wp\/v2\/pages\/30583\/revisions"}],"predecessor-version":[{"id":30951,"href":"https:\/\/dicofarm.com\/it\/wp-json\/wp\/v2\/pages\/30583\/revisions\/30951"}],"wp:attachment":[{"href":"https:\/\/dicofarm.com\/it\/wp-json\/wp\/v2\/media?parent=30583"}],"curies":[{"name":"wp","href":"https:\/\/api.w.org\/{rel}","templated":true}]}}