{"id":30569,"date":"2024-10-14T17:08:40","date_gmt":"2024-10-14T15:08:40","guid":{"rendered":"https:\/\/dicofarm.cloud\/it\/?page_id=30569"},"modified":"2024-12-06T13:36:22","modified_gmt":"2024-12-06T11:36:22","slug":"privacy-policy","status":"publish","type":"page","link":"https:\/\/dicofarm.com\/it\/privacy-policy\/","title":{"rendered":"Privacy Policy"},"content":{"rendered":"\t\t<div data-elementor-type=\"wp-page\" data-elementor-id=\"30569\" class=\"elementor elementor-30569\">\n\t\t\t\t<div class=\"wd-negative-gap elementor-element elementor-element-4d6c245 e-flex e-con-boxed e-con e-parent\" data-id=\"4d6c245\" data-element_type=\"container\">\n\t\t\t\t\t<div class=\"e-con-inner\">\n\t\t\t\t<div class=\"elementor-element elementor-element-7197c92 color-scheme-inherit text-left elementor-widget elementor-widget-text-editor\" data-id=\"7197c92\" data-element_type=\"widget\" data-widget_type=\"text-editor.default\">\n\t\t\t\t<div class=\"elementor-widget-container\">\n\t\t\t\t\t\t\t<h1 style=\"text-align: left;\"><span style=\"color: #006664;\"><strong>Informativa privacy (redatta ai sensi dell\u2019art. 13 del Regolamento UE n. 679\/2016)<\/strong><\/span><\/h1><p>Per mezzo della presente informativa, come normato dal Regolamento UE n. 679\/2016 (di seguito il \u201c<strong>GDPR<\/strong>\u201d), Dicofarm S.p.A. (di seguito \u201c<strong>Dicofarm<\/strong>\u201d o il \u201c<strong>Titolare<\/strong>\u201d), in qualit\u00e0 di titolare del trattamento di dati personali effettuato per il tramite del presente sito web, intende fornire agli interessati un\u2019adeguata informativa.<\/p><p>Dicofarm S.p.A. presta attenzione particolare alla protezione della privacy e desidera che coloro che visitano il sito <a href=\"http:\/\/www.dicofarm.com\">www.dicofarm.com<\/a> si sentano sicuri, sia durante la semplice navigazione sia nel caso in cui decidano di fornire loro dati personali per usufruire di specifici servizi o funzionalit\u00e0.<\/p><ol><li><strong>Identit\u00e0 e dati di contatto del Titolare<\/strong><\/li><\/ol><p><strong>Dicofarm<\/strong> <strong>S.p.A.<br \/><\/strong>Via Casale della Marcigliana 29,<br \/>00138 Roma,<br \/>Partita IVA 01068901006,<br \/>Tel. (06) 8856131<br \/>E-mail: <a href=\"mailto:privacydicofarm@dicofarm.it\">privacydicofarm@dicofarm.it<\/a><br \/><br \/><\/p><ol start=\"2\"><li><strong>Finalit\u00e0 del trattamento e base giuridica<\/strong><\/li><\/ol><p>I Suoi dati personali saranno trattati:<\/p><p>(i) senza il Suo consenso (articolo 6, lettere b, c, f, GDPR), per le seguenti finalit\u00e0:<\/p><ul><li>dare esecuzione ad un servizio o ad una o pi\u00f9 operazioni contrattualmente convenute, con particolare riferimento alla registrazione al sito web <u>it<\/u> ed alla relativa fruizione dei servizi;<\/li><li>l\u2019esecuzione di obblighi fiscali o tributari;<\/li><li>poterla ricontattare, tramite i riferimenti da lei comunicati, per evadere eventuali sue richieste formulate all\u2019interno dei <em>form<\/em> disponibili sul presente sito web;<\/li><li>dar seguito ad obblighi di leggi e regolamenti (nazionali o europei), oppure eseguire un ordine di Autorit\u00e0 giudiziarie o di organismi di vigilanza;<\/li><li>esercitare o difendere i diritti del Titolare in sede giudiziaria;<\/li><\/ul><p>(ii) con il Suo consenso (articolo 7, GDPR), per le seguenti finalit\u00e0:<\/p><ul><li>promozione di prodotti e servizi di Dicofarm mediante l\u2019invio di materiale pubblicitario, informativo, promozionale e di aggiornamenti su iniziative ed offerte, ricerche di mercato, analisi economiche e statistiche;<\/li><li>comunicazioni a soggetti terzi perch\u00e9 questi inviino materiale pubblicitario, informativo e promozionale relativo a propri prodotti o servizi.<\/li><\/ul><p>Il conferimento dei dati per le finalit\u00e0 di cui alla precedente sezione (i) \u00e8 obbligatorio. La mancanza dei dati e\/o l\u2019eventuale espresso rifiuto al trattamento comporter\u00e0 l&#8217;impossibilit\u00e0 per Dicofarm di dar seguito alle Sue richieste o di adempiere alle richieste delle Autorit\u00e0 competenti.<\/p><p>Al contrario, il conferimento dei dati per le finalit\u00e0 di cui alla sezione (ii) \u00e8 facoltativo, con la conseguenza che Lei potr\u00e0 decidere di non fornire il Suo consenso, ovvero di revocarlo in qualsiasi momento.<br \/><br \/><\/p><ol start=\"3\"><li><strong>Modalit\u00e0 del trattamento<\/strong><\/li><\/ol><p>Il trattamento dei Suoi dati personali verr\u00e0 posto in essere con o senza l\u2019ausilio di sistemi informatici.<\/p><p>Dicofarm si impegna a garantire la sicurezza logica e fisica dei dati e, in generale, la riservatezza dei dati personali trattati, mettendo in atto tutte le necessarie misure tecniche e organizzative adeguate a garantire la loro sicurezza.<br \/><br \/><\/p><ol start=\"4\"><li><strong>Categorie di dati trattati<\/strong><\/li><\/ol><p>Nell\u2019ambito delle finalit\u00e0 dei trattamenti appena descritti, si sottolinea che saranno trattati unicamente dati personali aventi ad oggetto, a titolo di esempio, nome e cognome, codice fiscale, numero di partita IVA, residenza, domicilio, indirizzo mail o PEC, numero di telefono e fax, i dati necessari all\u2019erogazione dei servizi all\u2019interno del portale stesso nonch\u00e9 ogni altro dato che sar\u00e0 da Lei fornito all\u2019atto della compilazione dei diversi <em>form<\/em>.<br \/><br \/><\/p><ol start=\"5\"><li><strong>Categorie di destinatari dei dati personali ed ambito di circolazione<\/strong><\/li><\/ol><p>I dati personali da Lei forniti potranno essere resi accessibili:<\/p><ol><li>a dipendenti e collaboratori di Dicofarm, nella loro qualit\u00e0 di addetti appositamente autorizzati al trattamento,<\/li><li>a soggetti terzi, agenti in qualit\u00e0 di responsabili del trattamento, che svolgono attivit\u00e0 per conto di Dicofarm;<\/li><li>ad Autorit\u00e0 giudiziarie o di vigilanza, amministrazioni, enti ed organismi pubblici (nazionali ed esteri), qualora ci\u00f2 fosse necessario per adempiere ad obblighi di legge o per dar seguito alle richieste formulate da queste;<\/li><li>ad altre societ\u00e0 del gruppo Dicofarm.<\/li><\/ol><p>Ove dovesse esprimere il Suo consenso all\u2019utilizzo dei dati personali per le finalit\u00e0 di cui al precedente paragrafo 2, sezione (ii), gli stessi potranno essere resi accessibili ai partner commerciali di Dicofarm per l\u2019invio di materiale pubblicitario, informativo e promozionale relativo a propri prodotti o servizi.<\/p><p>I suoi dati personali saranno conservati su server ubicati all\u2019interno dell\u2019Unione Europea di propriet\u00e0 e\/o nella disponibilit\u00e0 di Dicofarm e\/o di societ\u00e0 terze, debitamente nominate quali responsabili del trattamento. Qualora il trattamento dei Suoi dati personali dovesse richiedere un trasferimento al di fuori dello Spazio Economico Europeo, Dicofarm sottoscriver\u00e0 con il soggetto importatore idonee clausole contrattuali standard aderenti ai modelli predisposti dalla Commissione Europea.<\/p><p>In ogni caso, i Suoi dati personali non saranno oggetto di diffusione.<br \/><br \/><\/p><ol start=\"6\"><li><strong>Periodo di conservazione dei dati personali<\/strong><\/li><\/ol><p>I dati personali raccolti per le finalit\u00e0 di cui alla presente informativa saranno trattati e conservati per tutta la durata dell\u2019eventuale rapporto instaurato ed anche successivamente nei limiti concessi dalla legge, per finalit\u00e0 amministrative e contabili, oltre che per far valere o tutelare i diritti di Dicofarm, ove necessario.<br \/><br \/><\/p><ol start=\"7\"><li><strong>Diritti di cui al GDPR<\/strong><\/li><\/ol><p>La informiamo, infine, che, ai sensi degli articoli da 15 a 23 del GDPR, potr\u00e0 esercitare specifici diritti rivolgendosi a Dicofarm, tra cui:<\/p><ol><li>di accedere ai Suoi dati personali, ottenendo evidenza delle finalit\u00e0 perseguite da parte di Dicofarm, delle categorie di dati coinvolti, dei destinatari a cui gli stessi possono essere comunicati, del periodo di conservazione applicabile, dell\u2019esistenza di processi decisionali automatizzati;<\/li><li>di ottenere senza ritardo la rettifica dei dati personali inesatti che La riguardano;<\/li><li>di ottenere, nei casi previsti, la cancellazione dei Suoi dati;<\/li><li>di revocare il consenso o i consensi eventualmente prestati;<\/li><li>di ottenere la limitazione del trattamento o di opporsi allo stesso, quando possibile;<\/li><li>di richiedere la portabilit\u00e0 dei dati che Lei ha fornito a Dicofarm, vale a dire di riceverli in un formato strutturato, di uso comune e leggibile da dispositivo automatico, anche per trasmettere tali dati ad un altro titolare, senza alcun impedimento da parte di Dicofarm stessa;<\/li><li>di proporre reclamo all\u2019Autorit\u00e0 Garante per la Protezione dei Dati Personali.<\/li><\/ol><p>Per qualunque approfondimento in merito alla modalit\u00e0 di trattamento dei dati personali, nonch\u00e9 per esercitare i diritti di cui sopra, potr\u00e0 inviare una mail a <a href=\"mailto:privacydicofarm@dicofarm.it\">privacydicofarm@dicofarm.it<\/a> indicando chiaramente l\u2019informazione o l\u2019azione richiesta.<br \/><br \/><\/p><ol start=\"8\"><li><strong>I Dati di navigazione<\/strong><\/li><\/ol><p>I sistemi informatici e le procedure software preposte al funzionamento del sito web <a href=\"http:\/\/www.dicofarm.com\">www.dicofarm.com<\/a> acquisiscono, nel corso del loro normale esercizio, alcuni dati personali la cui trasmissione \u00e8 implicita nell\u2019uso dei protocolli di comunicazione di Internet.<\/p><p>Si tratta di informazioni che non sono raccolte per essere associate ad interessati identificati, ma che per loro stessa natura potrebbero, attraverso elaborazioni ed associazioni con dati detenuti da terzi, permettere l\u2019identificazione degli utenti.<\/p><p>In questa categoria di dati rientrano gli indirizzi IP o i nomi a dominio dei computer utilizzati dagli utenti che si connettono al sito, gli indirizzi in notazione URI (Uniform Resource Identifier) delle risorse richieste, l\u2019orario della richiesta, il metodo utilizzato nel sottoporre la richiesta al server, la dimensione del file ottenuto in risposta, il codice numerico indicante lo stato della risposta data dal server (buon fine, errore, ecc.) ed altri parametri relativi al sistema operativo e all\u2019ambiente informatico dell\u2019utente.<\/p><p>Questi dati vengono utilizzati al solo fine di ricavare informazioni statistiche anonime sull\u2019uso del sito, per controllarne il corretto funzionamento e vengono cancellati immediatamente dopo l\u2019elaborazione. I dati potrebbero essere utilizzati per l\u2019accertamento di responsabilit\u00e0 in caso di ipotetici reati informatici ai danni dei siti.<br \/><br \/><\/p><ol start=\"9\"><li><strong>Dati forniti volontariamente dall\u2019utente<\/strong><\/li><\/ol><p>Per accedere a determinati servizi\/funzionalit\u00e0 o trasmettere richieste, chi naviga potrebbe inviare a Dicofarm propri dati personali (es., il proprio indirizzo di posta elettronica). Questi dati saranno trattati da Dicofarm solo per consentire la fruizione dei servizi\/funzionalit\u00e0 coinvolti e per gestire le richieste, per il tempo tecnicamente necessario a questi fini. Quando tali dati fossero raccolti per altri fini, questo sar\u00e0 volta per volta indicato da informative specifiche e, ove necessario, sar\u00e0 chiesto il consenso per i trattamenti.<br \/><br \/><\/p><ol start=\"10\"><li><strong>Cookie<\/strong><\/li><\/ol><p>I cookies sono usati dai siti web per riconoscere gli utenti all\u2019interno di una sessione di lavoro. Come indicato dai provvedimenti del Garante della privacy, sono \u201cpiccoli file di testo\u201d \u2013 formati da lettere e numeri \u2013 \u201cche, i siti visitati dall\u2019utente, inviano al suo terminale (solitamente al browser), dove sono memorizzati per essere poi ritrasmessi agli stessi siti alla successiva visita del medesimo utente\u201d.<\/p><p>I cookies sono sicuri \u2013 possono soltanto conservare l\u2019informazione che viene inserita dal browser, relativa all\u2019accesso nel browser stesso o che \u00e8 inclusa nella pagina richiesta. Essi non possono trasformarsi in codici e non possono essere utilizzati per accedere al computer dell\u2019utente. Se un sito web cripta le informazioni nel cookie, soltanto il sito web pu\u00f2 leggere l\u2019informazione.<\/p><p>Per maggiori informazioni sull\u2019utilizzo dei cookies si invita a leggere la relativa informativa cliccando qui: <a href=\"https:\/\/www.dicofarm.com\/it\/cookie-policy\">Cookie Policy<\/a>.<\/p>\t\t\t\t\t\t<\/div>\n\t\t\t\t<\/div>\n\t\t\t\t\t<\/div>\n\t\t\t\t<\/div>\n\t\t\t\t<\/div>\n\t\t","protected":false},"excerpt":{"rendered":"<p>Informativa privacy (redatta ai sensi dell\u2019art. 13 del Regolamento UE n. 679\/2016) Per mezzo della presente informativa, come normato dal<\/p>\n","protected":false},"author":1,"featured_media":0,"parent":0,"menu_order":0,"comment_status":"closed","ping_status":"closed","template":"","meta":{"footnotes":""},"class_list":["post-30569","page","type-page","status-publish","hentry"],"yoast_head":"<!-- This site is optimized with the Yoast SEO plugin v23.9 - https:\/\/yoast.com\/wordpress\/plugins\/seo\/ -->\n<title>Privacy Policy - Dicofarm<\/title>\n<meta name=\"description\" content=\"Privacy Policy\" \/>\n<meta name=\"robots\" content=\"index, follow, max-snippet:-1, max-image-preview:large, max-video-preview:-1\" \/>\n<link rel=\"canonical\" href=\"https:\/\/dicofarm.com\/it\/privacy-policy\/\" \/>\n<meta property=\"og:locale\" content=\"it_IT\" \/>\n<meta property=\"og:type\" content=\"article\" \/>\n<meta property=\"og:title\" content=\"Privacy Policy - Dicofarm\" \/>\n<meta property=\"og:description\" content=\"Privacy Policy\" \/>\n<meta property=\"og:url\" content=\"https:\/\/dicofarm.com\/it\/privacy-policy\/\" \/>\n<meta property=\"og:site_name\" content=\"Dicofarm\" \/>\n<meta property=\"article:modified_time\" content=\"2024-12-06T11:36:22+00:00\" \/>\n<meta name=\"twitter:card\" content=\"summary_large_image\" \/>\n<meta name=\"twitter:label1\" content=\"Tempo di lettura stimato\" \/>\n\t<meta name=\"twitter:data1\" content=\"8 minuti\" \/>\n<script type=\"application\/ld+json\" class=\"yoast-schema-graph\">{\"@context\":\"https:\/\/schema.org\",\"@graph\":[{\"@type\":\"WebPage\",\"@id\":\"https:\/\/dicofarm.com\/it\/privacy-policy\/\",\"url\":\"https:\/\/dicofarm.com\/it\/privacy-policy\/\",\"name\":\"Privacy Policy - Dicofarm\",\"isPartOf\":{\"@id\":\"https:\/\/dicofarm.com\/it\/#website\"},\"datePublished\":\"2024-10-14T15:08:40+00:00\",\"dateModified\":\"2024-12-06T11:36:22+00:00\",\"description\":\"Privacy Policy\",\"breadcrumb\":{\"@id\":\"https:\/\/dicofarm.com\/it\/privacy-policy\/#breadcrumb\"},\"inLanguage\":\"it-IT\",\"potentialAction\":[{\"@type\":\"ReadAction\",\"target\":[\"https:\/\/dicofarm.com\/it\/privacy-policy\/\"]}]},{\"@type\":\"BreadcrumbList\",\"@id\":\"https:\/\/dicofarm.com\/it\/privacy-policy\/#breadcrumb\",\"itemListElement\":[{\"@type\":\"ListItem\",\"position\":1,\"name\":\"Home\",\"item\":\"https:\/\/dicofarm.com\/it\/\"},{\"@type\":\"ListItem\",\"position\":2,\"name\":\"Privacy Policy\"}]},{\"@type\":\"WebSite\",\"@id\":\"https:\/\/dicofarm.com\/it\/#website\",\"url\":\"https:\/\/dicofarm.com\/it\/\",\"name\":\"Dicofarm - Il meglio della ricerca, il buono della natura\",\"description\":\"Salute del bambino - Il meglio della ricerca, il buono della natura\",\"potentialAction\":[{\"@type\":\"SearchAction\",\"target\":{\"@type\":\"EntryPoint\",\"urlTemplate\":\"https:\/\/dicofarm.com\/it\/?s={search_term_string}\"},\"query-input\":{\"@type\":\"PropertyValueSpecification\",\"valueRequired\":true,\"valueName\":\"search_term_string\"}}],\"inLanguage\":\"it-IT\"}]}<\/script>\n<!-- \/ Yoast SEO plugin. -->","yoast_head_json":{"title":"Privacy Policy - Dicofarm","description":"Privacy Policy","robots":{"index":"index","follow":"follow","max-snippet":"max-snippet:-1","max-image-preview":"max-image-preview:large","max-video-preview":"max-video-preview:-1"},"canonical":"https:\/\/dicofarm.com\/it\/privacy-policy\/","og_locale":"it_IT","og_type":"article","og_title":"Privacy Policy - Dicofarm","og_description":"Privacy Policy","og_url":"https:\/\/dicofarm.com\/it\/privacy-policy\/","og_site_name":"Dicofarm","article_modified_time":"2024-12-06T11:36:22+00:00","twitter_card":"summary_large_image","twitter_misc":{"Tempo di lettura stimato":"8 minuti"},"schema":{"@context":"https:\/\/schema.org","@graph":[{"@type":"WebPage","@id":"https:\/\/dicofarm.com\/it\/privacy-policy\/","url":"https:\/\/dicofarm.com\/it\/privacy-policy\/","name":"Privacy Policy - Dicofarm","isPartOf":{"@id":"https:\/\/dicofarm.com\/it\/#website"},"datePublished":"2024-10-14T15:08:40+00:00","dateModified":"2024-12-06T11:36:22+00:00","description":"Privacy Policy","breadcrumb":{"@id":"https:\/\/dicofarm.com\/it\/privacy-policy\/#breadcrumb"},"inLanguage":"it-IT","potentialAction":[{"@type":"ReadAction","target":["https:\/\/dicofarm.com\/it\/privacy-policy\/"]}]},{"@type":"BreadcrumbList","@id":"https:\/\/dicofarm.com\/it\/privacy-policy\/#breadcrumb","itemListElement":[{"@type":"ListItem","position":1,"name":"Home","item":"https:\/\/dicofarm.com\/it\/"},{"@type":"ListItem","position":2,"name":"Privacy Policy"}]},{"@type":"WebSite","@id":"https:\/\/dicofarm.com\/it\/#website","url":"https:\/\/dicofarm.com\/it\/","name":"Dicofarm - Il meglio della ricerca, il buono della natura","description":"Salute del bambino - Il meglio della ricerca, il buono della natura","potentialAction":[{"@type":"SearchAction","target":{"@type":"EntryPoint","urlTemplate":"https:\/\/dicofarm.com\/it\/?s={search_term_string}"},"query-input":{"@type":"PropertyValueSpecification","valueRequired":true,"valueName":"search_term_string"}}],"inLanguage":"it-IT"}]}},"jetpack_sharing_enabled":true,"_links":{"self":[{"href":"https:\/\/dicofarm.com\/it\/wp-json\/wp\/v2\/pages\/30569","targetHints":{"allow":["GET"]}}],"collection":[{"href":"https:\/\/dicofarm.com\/it\/wp-json\/wp\/v2\/pages"}],"about":[{"href":"https:\/\/dicofarm.com\/it\/wp-json\/wp\/v2\/types\/page"}],"author":[{"embeddable":true,"href":"https:\/\/dicofarm.com\/it\/wp-json\/wp\/v2\/users\/1"}],"replies":[{"embeddable":true,"href":"https:\/\/dicofarm.com\/it\/wp-json\/wp\/v2\/comments?post=30569"}],"version-history":[{"count":23,"href":"https:\/\/dicofarm.com\/it\/wp-json\/wp\/v2\/pages\/30569\/revisions"}],"predecessor-version":[{"id":30950,"href":"https:\/\/dicofarm.com\/it\/wp-json\/wp\/v2\/pages\/30569\/revisions\/30950"}],"wp:attachment":[{"href":"https:\/\/dicofarm.com\/it\/wp-json\/wp\/v2\/media?parent=30569"}],"curies":[{"name":"wp","href":"https:\/\/api.w.org\/{rel}","templated":true}]}}