{"id":30398,"date":"2024-08-30T10:40:29","date_gmt":"2024-08-30T08:40:29","guid":{"rendered":"https:\/\/dicofarm.cloud\/it\/?page_id=30398"},"modified":"2024-12-10T12:23:03","modified_gmt":"2024-12-10T11:23:03","slug":"farmacovigilanza","status":"publish","type":"page","link":"https:\/\/dicofarm.com\/it\/farmacovigilanza\/","title":{"rendered":"Farmacovigilanza"},"content":{"rendered":"\t\t<div data-elementor-type=\"wp-page\" data-elementor-id=\"30398\" class=\"elementor elementor-30398\">\n\t\t\t\t<div class=\"wd-negative-gap elementor-element elementor-element-95f8788 e-flex e-con-boxed e-con e-parent\" data-id=\"95f8788\" data-element_type=\"container\">\n\t\t\t\t\t<div class=\"e-con-inner\">\n\t\t\t\t<div class=\"elementor-element elementor-element-ec91342 color-scheme-inherit text-left elementor-widget elementor-widget-text-editor\" data-id=\"ec91342\" data-element_type=\"widget\" data-widget_type=\"text-editor.default\">\n\t\t\t\t<div class=\"elementor-widget-container\">\n\t\t\t\t\t\t\t<h1><strong><span style=\"color: #006664;\">CHE COSA \u00c8 LA FARMACOVIGILANZA?<\/span><\/strong><\/h1><p>La Farmacovigilanza \u00e8 stata definita dall\u2019Organizzazione Mondiale della Sanit\u00e0 (OMS) come \u201cla scienza e le attivit\u00e0 finalizzate all\u2019identificazione, valutazione, comprensione e prevenzione delle reazioni avverse o di qualsiasi altro problema correlato all&#8217;uso dei medicinali\u201d.<br \/>L\u2019obiettivo della Farmacovigilanza \u00e8 quello di fornire, in modo continuativo, le migliori informazioni possibili sulla sicurezza dei medicinali permettendo cos\u00ec di adottare le misure opportune e pertanto assicurare che i medicinali disponibili sul mercato presentino, nelle condizioni di utilizzo autorizzate, un rapporto rischio\/beneficio favorevole per la popolazione. (Allegato 1, D. Lgs 95\/03. \u201cAttuazione della direttiva 2000\/38\/CE relativa alle specialit\u00e0 medicinali\u201d).<br \/>In ottemperanza alla legislazione vigente, la Farmacovigilanza raccoglie ed analizza le segnalazioni di eventi avversi e di reazioni avverse.<br \/><br \/><\/p><h1><span style=\"color: #006664;\"><strong>EVENTO AVVERSO<\/strong><\/span><\/h1><p>Viene cos\u00ec definito qualsiasi evento di natura medica sfavorevole e non voluto (segno, sintomo o malattia), che pu\u00f2 comparire in un paziente durante il trattamento con un medicinale, ma che non ha necessariamente una relazione causale con il medicinale stesso.<br \/><strong><br \/>Reazione Avversa<\/strong> (ADR, acronimo dall\u2019inglese Adverse Drug Reaction)<br \/>Viene definita invece, come \u201cun effetto nocivo e non voluto ma conseguente all\u2019uso di un medicinale\u201d (Direttiva UE 84\/2010).<\/p><p>Le segnalazioni di sospette reazioni avverse\/eventi avversi costituiscono un&#8217;importante fonte di informazioni per le attivit\u00e0 di Farmacovigilanza, in quanto consentono di rilevare potenziali segnali che possano far prevedere dei possibili rischi derivanti dall\u2019uso del medicinale.<br \/><br \/><\/p><h2><span style=\"color: #006664;\"><strong>COME SEGNALARE LE REAZIONI AVVERSE?<\/strong><\/span><\/h2><p>In Italia, l\u2019autorit\u00e0 responsabile per la Farmacovigilanza \u00e8 l\u2019Agenzia Italiana del Farmaco (AIFA).<br \/>Sul sito di AIFA, nella sezione &#8220;Modulistica&#8221;: <a href=\"https:\/\/www.aifa.gov.it\/moduli-segnalazione-reazioni-avverse\">https:\/\/www.aifa.gov.it\/moduli-segnalazione-reazioni-avverse<\/a> sono disponibili i modelli di scheda di segnalazione, per gli operatori sanitari o per i cittadini.<\/p><p>Le segnalazioni delle reazioni avverse possono essere effettuate da operatori sanitari e cittadini, secondo una delle seguenti modalit\u00e0:<\/p><ul><li>Le schede (per operatore sanitario o cittadino), in formato word, possono essere compilate elettronicamente e inviate via mail o fax al Responsabile di Farmacovigilanza della propria struttura di appartenenza <a href=\"https:\/\/www.aifa.gov.it\/responsabili-farmacovigilanza\">https:\/\/www.aifa.gov.it\/responsabili-farmacovigilanza<\/a><\/li><li>Direttamente <a href=\"https:\/\/servizionline.aifa.gov.it\/schedasegnalazioni\/#\/\">on-line sul sito AIFA<\/a><\/li><li>In alternativa, la segnalazione pu\u00f2 essere comunicata al Titolare AIC del medicinale sospettato di aver causato la reazione avversa. Medici, operatori sanitari o cittadini che desiderino segnalare una reazione avversa a Dicofarm, possono farlo tramite il form seguente.<\/li><\/ul><div class=\"flex-container-fv\"><p class=\"item1\" style=\"font-size: 26px;\">Privacy<\/p><div class=\"item2\"><a title=\"Informativa privacy farmacovigilanza\" href=\"https:\/\/dicofarm.com\/it\/INFORMATIVA-PRIVACY-FV.pdf\" target=\"_blank\" rel=\"noopener noreferrer\">Consulta l&#8217;informativa privacy di Farmacovigilanza<\/a><\/div><\/div><div><input id=\"checkboxfv\" name=\"checkboxfv\" type=\"checkbox\" \/> <label style=\"display: unset;\" for=\"checkboxfv\">Dichiaro di aver preso visione e compreso l&#8217;informativa sul trattamento dei dati personali ex articolo 13 del Regolamento (UE) 2016\/679 resa da Dicofarm S.p.A., con riferimento alle finalit\u00e0 indicate nell\u2019informativa in merito alle attivit\u00e0 di farmacovigilanza. (*)<\/label><\/div><div>\u00a0<\/div><div id=\"boxfv\" style=\"display: none;\"><div style=\"margin-top: 25px;\"><h2 style=\"text-align: center;\">Contatti farmacovigilanza<\/h2><div style=\"border-top: 1px solid #e3e3e3; width: 150px; text-align: center; margin-left: auto; margin-right: auto;\">\u00a0<\/div><\/div><p>Il servizio di farmacovigilanza Dicofarm pu\u00f2 essere contattato tramite l&#8217;indirizzo di posta elettronica: <a href=\"mailto:farmacovigilanza@dicofarm.it\">farmacovigilanza@dicofarm.it<\/a> oppure tramite il seguente form di contatto.<\/p><p>\n<div class=\"wpcf7 no-js\" id=\"wpcf7-f30416-o1\" lang=\"it-IT\" dir=\"ltr\" data-wpcf7-id=\"30416\">\n<div class=\"screen-reader-response\"><p role=\"status\" aria-live=\"polite\" aria-atomic=\"true\"><\/p> <ul><\/ul><\/div>\n<form action=\"\/it\/wp-json\/wp\/v2\/pages\/30398#wpcf7-f30416-o1\" method=\"post\" class=\"wpcf7-form init\" aria-label=\"Modulo di contatto\" novalidate=\"novalidate\" data-status=\"init\">\n<div style=\"display: none;\">\n<input type=\"hidden\" name=\"_wpcf7\" value=\"30416\" \/>\n<input type=\"hidden\" name=\"_wpcf7_version\" value=\"6.0\" \/>\n<input type=\"hidden\" name=\"_wpcf7_locale\" value=\"it_IT\" \/>\n<input type=\"hidden\" name=\"_wpcf7_unit_tag\" value=\"wpcf7-f30416-o1\" \/>\n<input type=\"hidden\" name=\"_wpcf7_container_post\" value=\"0\" \/>\n<input type=\"hidden\" name=\"_wpcf7_posted_data_hash\" value=\"\" \/>\n<input type=\"hidden\" name=\"_wpcf7_recaptcha_response\" value=\"\" \/>\n<\/div>\n<div class=\"wao\">\n\t<p><span class=\"wpcf7-form-control-wrap\" data-name=\"your-name\"><input size=\"40\" maxlength=\"400\" class=\"wpcf7-form-control wpcf7-text wpcf7-validates-as-required\" aria-required=\"true\" aria-invalid=\"false\" placeholder=\"Nome e Cognome (*)\" value=\"\" type=\"text\" name=\"your-name\" \/><\/span>\n\t<\/p>\n\t<p><span class=\"wpcf7-form-control-wrap\" data-name=\"your-email\"><input size=\"40\" maxlength=\"400\" class=\"wpcf7-form-control wpcf7-email wpcf7-validates-as-required wpcf7-text wpcf7-validates-as-email\" aria-required=\"true\" aria-invalid=\"false\" placeholder=\"La tua Email (*)\" value=\"\" type=\"email\" name=\"your-email\" \/><\/span>\n\t<\/p>\n\t<p><span class=\"wpcf7-form-control-wrap\" data-name=\"your-tel\"><input size=\"40\" maxlength=\"400\" class=\"wpcf7-form-control wpcf7-tel wpcf7-validates-as-required wpcf7-text wpcf7-validates-as-tel\" aria-required=\"true\" aria-invalid=\"false\" placeholder=\"Il tuo numero di telefono (*)\" value=\"\" type=\"tel\" name=\"your-tel\" \/><\/span>\n\t<\/p>\n\t<p><span class=\"wpcf7-form-control-wrap\" data-name=\"textarea-89\"><textarea cols=\"40\" rows=\"10\" maxlength=\"2000\" class=\"wpcf7-form-control wpcf7-textarea wpcf7-validates-as-required\" aria-required=\"true\" aria-invalid=\"false\" placeholder=\"Messaggio.. (*)\" name=\"textarea-89\"><\/textarea><\/span>\n\t<\/p>\n\t<div id=\"cotext\">\n\t\t<div id=\"ob1\">\n\t\t\t<p class=\"piccolo\">*campi obbligatori.\n\t\t\t<\/p>\n\t\t<\/div>\n\t<\/div>\n\n<div class=\"wpcf7-response-output\" aria-hidden=\"true\"><\/div>\n\t<p><input class=\"wpcf7-form-control wpcf7-submit has-spinner\" type=\"submit\" value=\"Invia\" \/>\n\t<\/p>\n<\/div>\n<\/form>\n<\/div>\n<\/p><\/div><div style=\"border-top: 1px solid #e3e3e3;\">\u00a0<\/div><p>Per domande e commenti riguardanti condizioni di salute o questioni mediche correlate ai farmaci di Dicofarm, La invitiamo a consultare il suo medico o il farmacista.<br \/>Non ci \u00e8 possibile fornire alcuna informazione medica sui farmaci di Dicofarm direttamente ai pazienti, n\u00e9 via telefono n\u00e9 via e-mail.<br \/>Per qualsiasi reclamo relativo alla <strong><u>qualit\u00e0<\/u><\/strong> del prodotto La invitiamo a contattarci tramite e-mail al seguente indirizzo: <a href=\"mailto:info.qualita@dicofarm.it\">info.qualita@dicofarm.it<\/a><\/p>\t\t\t\t\t\t<\/div>\n\t\t\t\t<\/div>\n\t\t\t\t\t<\/div>\n\t\t\t\t<\/div>\n\t\t\t\t<\/div>\n\t\t","protected":false},"excerpt":{"rendered":"<p>CHE COSA \u00c8 LA FARMACOVIGILANZA? La Farmacovigilanza \u00e8 stata definita dall\u2019Organizzazione Mondiale della Sanit\u00e0 (OMS) come \u201cla scienza e le<\/p>\n","protected":false},"author":1,"featured_media":0,"parent":0,"menu_order":0,"comment_status":"closed","ping_status":"closed","template":"","meta":{"footnotes":""},"class_list":["post-30398","page","type-page","status-publish","hentry"],"yoast_head":"<!-- This site is optimized with the Yoast SEO plugin v23.9 - https:\/\/yoast.com\/wordpress\/plugins\/seo\/ -->\n<title>Farmacovigilanza - Dicofarm<\/title>\n<meta name=\"description\" content=\"In ottemperanza alla legislazione vigente, la Farmacovigilanza raccoglie ed analizza le segnalazioni di eventi avversi e di reazioni avverse.\" \/>\n<meta name=\"robots\" content=\"index, follow, max-snippet:-1, max-image-preview:large, max-video-preview:-1\" \/>\n<link rel=\"canonical\" href=\"https:\/\/dicofarm.com\/it\/farmacovigilanza\/\" \/>\n<meta property=\"og:locale\" content=\"it_IT\" \/>\n<meta property=\"og:type\" content=\"article\" \/>\n<meta property=\"og:title\" content=\"Farmacovigilanza - Dicofarm\" \/>\n<meta property=\"og:description\" content=\"In ottemperanza alla legislazione vigente, la Farmacovigilanza raccoglie ed analizza le segnalazioni di eventi avversi e di reazioni avverse.\" \/>\n<meta property=\"og:url\" content=\"https:\/\/dicofarm.com\/it\/farmacovigilanza\/\" \/>\n<meta property=\"og:site_name\" content=\"Dicofarm\" \/>\n<meta property=\"article:modified_time\" content=\"2024-12-10T11:23:03+00:00\" \/>\n<meta name=\"twitter:card\" content=\"summary_large_image\" \/>\n<meta name=\"twitter:label1\" content=\"Tempo di lettura stimato\" \/>\n\t<meta name=\"twitter:data1\" content=\"3 minuti\" \/>\n<script type=\"application\/ld+json\" class=\"yoast-schema-graph\">{\"@context\":\"https:\/\/schema.org\",\"@graph\":[{\"@type\":\"WebPage\",\"@id\":\"https:\/\/dicofarm.com\/it\/farmacovigilanza\/\",\"url\":\"https:\/\/dicofarm.com\/it\/farmacovigilanza\/\",\"name\":\"Farmacovigilanza - Dicofarm\",\"isPartOf\":{\"@id\":\"https:\/\/dicofarm.com\/it\/#website\"},\"datePublished\":\"2024-08-30T08:40:29+00:00\",\"dateModified\":\"2024-12-10T11:23:03+00:00\",\"description\":\"In ottemperanza alla legislazione vigente, la Farmacovigilanza raccoglie ed analizza le segnalazioni di eventi avversi e di reazioni avverse.\",\"breadcrumb\":{\"@id\":\"https:\/\/dicofarm.com\/it\/farmacovigilanza\/#breadcrumb\"},\"inLanguage\":\"it-IT\",\"potentialAction\":[{\"@type\":\"ReadAction\",\"target\":[\"https:\/\/dicofarm.com\/it\/farmacovigilanza\/\"]}]},{\"@type\":\"BreadcrumbList\",\"@id\":\"https:\/\/dicofarm.com\/it\/farmacovigilanza\/#breadcrumb\",\"itemListElement\":[{\"@type\":\"ListItem\",\"position\":1,\"name\":\"Home\",\"item\":\"https:\/\/dicofarm.com\/it\/\"},{\"@type\":\"ListItem\",\"position\":2,\"name\":\"Farmacovigilanza\"}]},{\"@type\":\"WebSite\",\"@id\":\"https:\/\/dicofarm.com\/it\/#website\",\"url\":\"https:\/\/dicofarm.com\/it\/\",\"name\":\"Dicofarm - Il meglio della ricerca, il buono della natura\",\"description\":\"Salute del bambino - Il meglio della ricerca, il buono della natura\",\"potentialAction\":[{\"@type\":\"SearchAction\",\"target\":{\"@type\":\"EntryPoint\",\"urlTemplate\":\"https:\/\/dicofarm.com\/it\/?s={search_term_string}\"},\"query-input\":{\"@type\":\"PropertyValueSpecification\",\"valueRequired\":true,\"valueName\":\"search_term_string\"}}],\"inLanguage\":\"it-IT\"}]}<\/script>\n<!-- \/ Yoast SEO plugin. -->","yoast_head_json":{"title":"Farmacovigilanza - Dicofarm","description":"In ottemperanza alla legislazione vigente, la Farmacovigilanza raccoglie ed analizza le segnalazioni di eventi avversi e di reazioni avverse.","robots":{"index":"index","follow":"follow","max-snippet":"max-snippet:-1","max-image-preview":"max-image-preview:large","max-video-preview":"max-video-preview:-1"},"canonical":"https:\/\/dicofarm.com\/it\/farmacovigilanza\/","og_locale":"it_IT","og_type":"article","og_title":"Farmacovigilanza - Dicofarm","og_description":"In ottemperanza alla legislazione vigente, la Farmacovigilanza raccoglie ed analizza le segnalazioni di eventi avversi e di reazioni avverse.","og_url":"https:\/\/dicofarm.com\/it\/farmacovigilanza\/","og_site_name":"Dicofarm","article_modified_time":"2024-12-10T11:23:03+00:00","twitter_card":"summary_large_image","twitter_misc":{"Tempo di lettura stimato":"3 minuti"},"schema":{"@context":"https:\/\/schema.org","@graph":[{"@type":"WebPage","@id":"https:\/\/dicofarm.com\/it\/farmacovigilanza\/","url":"https:\/\/dicofarm.com\/it\/farmacovigilanza\/","name":"Farmacovigilanza - Dicofarm","isPartOf":{"@id":"https:\/\/dicofarm.com\/it\/#website"},"datePublished":"2024-08-30T08:40:29+00:00","dateModified":"2024-12-10T11:23:03+00:00","description":"In ottemperanza alla legislazione vigente, la Farmacovigilanza raccoglie ed analizza le segnalazioni di eventi avversi e di reazioni avverse.","breadcrumb":{"@id":"https:\/\/dicofarm.com\/it\/farmacovigilanza\/#breadcrumb"},"inLanguage":"it-IT","potentialAction":[{"@type":"ReadAction","target":["https:\/\/dicofarm.com\/it\/farmacovigilanza\/"]}]},{"@type":"BreadcrumbList","@id":"https:\/\/dicofarm.com\/it\/farmacovigilanza\/#breadcrumb","itemListElement":[{"@type":"ListItem","position":1,"name":"Home","item":"https:\/\/dicofarm.com\/it\/"},{"@type":"ListItem","position":2,"name":"Farmacovigilanza"}]},{"@type":"WebSite","@id":"https:\/\/dicofarm.com\/it\/#website","url":"https:\/\/dicofarm.com\/it\/","name":"Dicofarm - Il meglio della ricerca, il buono della natura","description":"Salute del bambino - Il meglio della ricerca, il buono della natura","potentialAction":[{"@type":"SearchAction","target":{"@type":"EntryPoint","urlTemplate":"https:\/\/dicofarm.com\/it\/?s={search_term_string}"},"query-input":{"@type":"PropertyValueSpecification","valueRequired":true,"valueName":"search_term_string"}}],"inLanguage":"it-IT"}]}},"jetpack_sharing_enabled":true,"_links":{"self":[{"href":"https:\/\/dicofarm.com\/it\/wp-json\/wp\/v2\/pages\/30398","targetHints":{"allow":["GET"]}}],"collection":[{"href":"https:\/\/dicofarm.com\/it\/wp-json\/wp\/v2\/pages"}],"about":[{"href":"https:\/\/dicofarm.com\/it\/wp-json\/wp\/v2\/types\/page"}],"author":[{"embeddable":true,"href":"https:\/\/dicofarm.com\/it\/wp-json\/wp\/v2\/users\/1"}],"replies":[{"embeddable":true,"href":"https:\/\/dicofarm.com\/it\/wp-json\/wp\/v2\/comments?post=30398"}],"version-history":[{"count":49,"href":"https:\/\/dicofarm.com\/it\/wp-json\/wp\/v2\/pages\/30398\/revisions"}],"predecessor-version":[{"id":30988,"href":"https:\/\/dicofarm.com\/it\/wp-json\/wp\/v2\/pages\/30398\/revisions\/30988"}],"wp:attachment":[{"href":"https:\/\/dicofarm.com\/it\/wp-json\/wp\/v2\/media?parent=30398"}],"curies":[{"name":"wp","href":"https:\/\/api.w.org\/{rel}","templated":true}]}}